{"id":3,"date":"2026-03-27T10:04:39","date_gmt":"2026-03-27T10:04:39","guid":{"rendered":"http:\/\/fvqjvir.cluster121.hosting.ovh.net\/?page_id=3"},"modified":"2026-04-11T13:04:18","modified_gmt":"2026-04-11T11:04:18","slug":"mentions-legales","status":"publish","type":"page","link":"https:\/\/abdelanik.com\/index.php\/mentions-legales\/","title":{"rendered":"Mentions l\u00e9gales"},"content":{"rendered":"\n<h2 class=\"wp-block-heading has-white-color has-text-color has-link-color wp-elements-d04cf66c2acebeb750ff8ec2cc9a5b4f\">1. \u00c9diteur du site<\/h2>\n\n\n\n<p class=\"has-white-color has-text-color has-link-color wp-elements-02e3f942501ac1ee3137eb7f06b9b721\">Le pr\u00e9sent site est \u00e9dit\u00e9 par :<\/p>\n\n\n\n<p class=\"has-white-color has-text-color has-link-color wp-elements-9a3927a8f6c46d1f5e362d567638c3d0\">Abdel ANIK<br>Activit\u00e9 : Coach, formateur et conf\u00e9rencier professionnel<br>Adresse : 500 Rte de Racin, 38340 Voreppe<br>T\u00e9l\u00e9phone : 06 84 59 73 40<br>Email : <a href=\"mailto:Abdel@abdelanik.com\">Abdel@abdelanik.com<\/a><\/p>\n\n\n\n<h2 class=\"wp-block-heading has-white-color has-text-color has-link-color wp-elements-7c705ad78b62f330de0ef55fcbb21640\">2. H\u00e9bergeur du site<\/h2>\n\n\n\n<p class=\"has-white-color has-text-color has-link-color wp-elements-a6157eaa1237f96d7011cced43b0a2b2\">Ce site est h\u00e9berg\u00e9 par :<\/p>\n\n\n\n<p class=\"has-white-color has-text-color has-link-color wp-elements-31dfdd3ca75f5a56445e59a0b71b6bb6\">OVH SAS<br>2 rue Kellermann &#8211; 59100 Roubaix &#8211; France<br><a href=\"https:\/\/www.ovhcloud.com\/fr\/\">https:\/\/www.ovhcloud.com\/fr\/<\/a><\/p>\n\n\n\n<h2 class=\"wp-block-heading has-white-color has-text-color has-link-color wp-elements-c540f8816deb9b6917c46e5fbaceaac2\">3. Propri\u00e9t\u00e9 intellectuelle<\/h2>\n\n\n\n<p class=\"has-white-color has-text-color has-link-color wp-elements-b986b3c11d9146163a252c927d9bf9cd\">L&rsquo;ensemble des contenus pr\u00e9sents sur ce site (textes, images, vid\u00e9os, logos) est la propri\u00e9t\u00e9 exclusive de Abdel ANIK, sauf mention contraire. Toute reproduction, m\u00eame partielle, est interdite sans autorisation pr\u00e9alable.<\/p>\n\n\n\n<h2 class=\"wp-block-heading has-white-color has-text-color has-link-color wp-elements-eeaa16a5e884135c5e94a8eaeb81840c\">4. Collecte de donn\u00e9es personnelles : Formulaire de contact<\/h2>\n\n\n\n<p class=\"has-white-color has-text-color has-link-color wp-elements-6408f333d66775596e8da1e0387fe181\">Dans le cadre du formulaire de contact, les donn\u00e9es collect\u00e9es (nom, adresse email, message) sont utilis\u00e9es uniquement pour r\u00e9pondre \u00e0 vos demandes. Elles ne sont ni transmises \u00e0 des tiers, ni utilis\u00e9es \u00e0 des fins commerciales.<\/p>\n\n\n\n<p class=\"has-white-color has-text-color has-link-color wp-elements-27d57ab630ceeb1f73ca9a791f27f165\">Conform\u00e9ment au R\u00e8glement G\u00e9n\u00e9ral sur la Protection des Donn\u00e9es (RGPD), vous disposez d&rsquo;un droit d&rsquo;acc\u00e8s, de rectification et de suppression de vos donn\u00e9es, que vous pouvez exercer en contactant : <a href=\"mailto:Abdel@abdelanik.com\">Abdel@abdelanik.com<\/a>.<\/p>\n\n\n\n<p class=\"has-white-color has-text-color has-link-color wp-elements-c32ba21cdb43b69119221ea5f1602782\">Si vous estimez que vos droits ne sont pas respect\u00e9s, vous pouvez introduire une r\u00e9clamation aupr\u00e8s de la CNIL (www.cnil.fr).<\/p>\n\n\n\n<h2 class=\"wp-block-heading has-white-color has-text-color has-link-color wp-elements-9c31dfab8a77c15eb795f530daf60d94\">5. Cookies et mesure d&rsquo;audience Google Analytics<\/h2>\n\n\n\n<p class=\"has-white-color has-text-color has-link-color wp-elements-357ac19d15471bb267358916fcd321a1\">Ce site utilise Google Analytics, un service d&rsquo;analyse d&rsquo;audience fourni par Google LLC. Ce service d\u00e9pose des cookies permettant de mesurer la fr\u00e9quentation du site (pages visit\u00e9es, dur\u00e9e des visites, origine des visiteurs). Les donn\u00e9es collect\u00e9es sont anonymis\u00e9es et ne permettent pas de vous identifier personnellement.<\/p>\n\n\n\n<p class=\"has-white-color has-text-color has-link-color wp-elements-89f35c8aff2f5bbb40758572b01cd824\">Vous pouvez vous opposer \u00e0 cette collecte en installant le module de d\u00e9sactivation de Google Analytics disponible \u00e0 l&rsquo;adresse : <a href=\"http:\/\/tools.google.com\/dlpage\/gaoptout\">tools.google.com\/dlpage\/gaoptout<\/a><\/p>\n\n\n\n<p class=\"has-white-color has-text-color has-link-color wp-elements-b792f5ac61d223ee4ab337fa9a0caeb9\">Pour en savoir plus sur la gestion des cookies, consultez le site de la CNIL : <a href=\"http:\/\/cnil.fr\">cnil.fr<\/a>.<br>Un bandeau de consentement aux cookies (CMP) doit obligatoirement \u00eatre mis en place sur le site si Google Analytics est utilis\u00e9, conform\u00e9ment aux recommandations de la CNIL depuis 2022.<\/p>\n\n\n\n<h2 class=\"wp-block-heading has-white-color has-text-color has-link-color wp-elements-3cd9408ccea4138481746c12e214c865\">6. Limitation de responsabilit\u00e9<\/h2>\n\n\n\n<p class=\"has-white-color has-text-color has-link-color wp-elements-e4f08bfb0afb32d69947223534a4724f\">Abdel ANIK s&rsquo;efforce d&rsquo;assurer l&rsquo;exactitude et la mise \u00e0 jour des informations diffus\u00e9es sur ce site. Toutefois, il ne peut garantir l&rsquo;exactitude, la compl\u00e9tude ou l&rsquo;actualit\u00e9 des informations. En cons\u00e9quence, l&rsquo;utilisateur reconna\u00eet utiliser ces informations sous sa responsabilit\u00e9 exclusive.<\/p>\n\n\n\n<h2 class=\"wp-block-heading has-white-color has-text-color has-link-color wp-elements-ebab8b79ba055c70865b167eede06f43\">7. Droit applicable<\/h2>\n\n\n\n<p class=\"has-white-color has-text-color has-link-color wp-elements-cd2048011f284f378e9be5dbc252fe3e\">Le pr\u00e9sent site et ses mentions l\u00e9gales sont soumis au droit fran\u00e7ais. En cas de litige, les tribunaux fran\u00e7ais seront seuls comp\u00e9tents.<\/p>\n\n\n\n<p><\/p>\n","protected":false},"excerpt":{"rendered":"<p>1. \u00c9diteur du site Le pr\u00e9sent site est \u00e9dit\u00e9 par : Abdel ANIKActivit\u00e9 : Coach, formateur et conf\u00e9rencier professionnelAdresse : 500 Rte de Racin, 38340 VoreppeT\u00e9l\u00e9phone : 06 84 59 73 40Email : Abdel@abdelanik.com 2. H\u00e9bergeur du site Ce site est h\u00e9berg\u00e9 par : OVH SAS2 rue Kellermann &#8211; 59100 Roubaix &#8211; Francehttps:\/\/www.ovhcloud.com\/fr\/ 3. Propri\u00e9t\u00e9 [&hellip;]<\/p>\n","protected":false},"author":1,"featured_media":0,"parent":0,"menu_order":0,"comment_status":"closed","ping_status":"closed","template":"","meta":{"_eb_attr":"","footnotes":""},"class_list":["post-3","page","type-page","status-publish","hentry"],"yoast_head":"<!-- This site is optimized with the Yoast SEO plugin v27.3 - https:\/\/yoast.com\/product\/yoast-seo-wordpress\/ -->\n<title>Mentions l\u00e9gales -<\/title>\n<meta name=\"robots\" content=\"index, follow, max-snippet:-1, max-image-preview:large, max-video-preview:-1\" \/>\n<link rel=\"canonical\" href=\"https:\/\/abdelanik.com\/index.php\/mentions-legales\/\" \/>\n<meta property=\"og:locale\" content=\"fr_FR\" \/>\n<meta property=\"og:type\" content=\"article\" \/>\n<meta property=\"og:title\" content=\"Mentions l\u00e9gales -\" \/>\n<meta property=\"og:description\" content=\"1. \u00c9diteur du site Le pr\u00e9sent site est \u00e9dit\u00e9 par : Abdel ANIKActivit\u00e9 : Coach, formateur et conf\u00e9rencier professionnelAdresse : 500 Rte de Racin, 38340 VoreppeT\u00e9l\u00e9phone : 06 84 59 73 40Email : Abdel@abdelanik.com 2. H\u00e9bergeur du site Ce site est h\u00e9berg\u00e9 par : OVH SAS2 rue Kellermann &#8211; 59100 Roubaix &#8211; Francehttps:\/\/www.ovhcloud.com\/fr\/ 3. Propri\u00e9t\u00e9 [&hellip;]\" \/>\n<meta property=\"og:url\" content=\"https:\/\/abdelanik.com\/index.php\/mentions-legales\/\" \/>\n<meta property=\"article:modified_time\" content=\"2026-04-11T11:04:18+00:00\" \/>\n<meta name=\"twitter:card\" content=\"summary_large_image\" \/>\n<meta name=\"twitter:label1\" content=\"Dur\u00e9e de lecture estim\u00e9e\" \/>\n\t<meta name=\"twitter:data1\" content=\"2 minutes\" \/>\n<script type=\"application\/ld+json\" class=\"yoast-schema-graph\">{\"@context\":\"https:\\\/\\\/schema.org\",\"@graph\":[{\"@type\":\"WebPage\",\"@id\":\"https:\\\/\\\/abdelanik.com\\\/index.php\\\/mentions-legales\\\/\",\"url\":\"https:\\\/\\\/abdelanik.com\\\/index.php\\\/mentions-legales\\\/\",\"name\":\"Mentions l\u00e9gales -\",\"isPartOf\":{\"@id\":\"https:\\\/\\\/abdelanik.com\\\/#website\"},\"datePublished\":\"2026-03-27T10:04:39+00:00\",\"dateModified\":\"2026-04-11T11:04:18+00:00\",\"breadcrumb\":{\"@id\":\"https:\\\/\\\/abdelanik.com\\\/index.php\\\/mentions-legales\\\/#breadcrumb\"},\"inLanguage\":\"fr-FR\",\"potentialAction\":[{\"@type\":\"ReadAction\",\"target\":[\"https:\\\/\\\/abdelanik.com\\\/index.php\\\/mentions-legales\\\/\"]}]},{\"@type\":\"BreadcrumbList\",\"@id\":\"https:\\\/\\\/abdelanik.com\\\/index.php\\\/mentions-legales\\\/#breadcrumb\",\"itemListElement\":[{\"@type\":\"ListItem\",\"position\":1,\"name\":\"Accueil\",\"item\":\"https:\\\/\\\/abdelanik.com\\\/\"},{\"@type\":\"ListItem\",\"position\":2,\"name\":\"Mentions l\u00e9gales\"}]},{\"@type\":\"WebSite\",\"@id\":\"https:\\\/\\\/abdelanik.com\\\/#website\",\"url\":\"https:\\\/\\\/abdelanik.com\\\/\",\"name\":\"\",\"description\":\"\",\"potentialAction\":[{\"@type\":\"SearchAction\",\"target\":{\"@type\":\"EntryPoint\",\"urlTemplate\":\"https:\\\/\\\/abdelanik.com\\\/?s={search_term_string}\"},\"query-input\":{\"@type\":\"PropertyValueSpecification\",\"valueRequired\":true,\"valueName\":\"search_term_string\"}}],\"inLanguage\":\"fr-FR\"}]}<\/script>\n<!-- \/ Yoast SEO plugin. -->","yoast_head_json":{"title":"Mentions l\u00e9gales -","robots":{"index":"index","follow":"follow","max-snippet":"max-snippet:-1","max-image-preview":"max-image-preview:large","max-video-preview":"max-video-preview:-1"},"canonical":"https:\/\/abdelanik.com\/index.php\/mentions-legales\/","og_locale":"fr_FR","og_type":"article","og_title":"Mentions l\u00e9gales -","og_description":"1. \u00c9diteur du site Le pr\u00e9sent site est \u00e9dit\u00e9 par : Abdel ANIKActivit\u00e9 : Coach, formateur et conf\u00e9rencier professionnelAdresse : 500 Rte de Racin, 38340 VoreppeT\u00e9l\u00e9phone : 06 84 59 73 40Email : Abdel@abdelanik.com 2. H\u00e9bergeur du site Ce site est h\u00e9berg\u00e9 par : OVH SAS2 rue Kellermann &#8211; 59100 Roubaix &#8211; Francehttps:\/\/www.ovhcloud.com\/fr\/ 3. Propri\u00e9t\u00e9 [&hellip;]","og_url":"https:\/\/abdelanik.com\/index.php\/mentions-legales\/","article_modified_time":"2026-04-11T11:04:18+00:00","twitter_card":"summary_large_image","twitter_misc":{"Dur\u00e9e de lecture estim\u00e9e":"2 minutes"},"schema":{"@context":"https:\/\/schema.org","@graph":[{"@type":"WebPage","@id":"https:\/\/abdelanik.com\/index.php\/mentions-legales\/","url":"https:\/\/abdelanik.com\/index.php\/mentions-legales\/","name":"Mentions l\u00e9gales -","isPartOf":{"@id":"https:\/\/abdelanik.com\/#website"},"datePublished":"2026-03-27T10:04:39+00:00","dateModified":"2026-04-11T11:04:18+00:00","breadcrumb":{"@id":"https:\/\/abdelanik.com\/index.php\/mentions-legales\/#breadcrumb"},"inLanguage":"fr-FR","potentialAction":[{"@type":"ReadAction","target":["https:\/\/abdelanik.com\/index.php\/mentions-legales\/"]}]},{"@type":"BreadcrumbList","@id":"https:\/\/abdelanik.com\/index.php\/mentions-legales\/#breadcrumb","itemListElement":[{"@type":"ListItem","position":1,"name":"Accueil","item":"https:\/\/abdelanik.com\/"},{"@type":"ListItem","position":2,"name":"Mentions l\u00e9gales"}]},{"@type":"WebSite","@id":"https:\/\/abdelanik.com\/#website","url":"https:\/\/abdelanik.com\/","name":"","description":"","potentialAction":[{"@type":"SearchAction","target":{"@type":"EntryPoint","urlTemplate":"https:\/\/abdelanik.com\/?s={search_term_string}"},"query-input":{"@type":"PropertyValueSpecification","valueRequired":true,"valueName":"search_term_string"}}],"inLanguage":"fr-FR"}]}},"_links":{"self":[{"href":"https:\/\/abdelanik.com\/index.php\/wp-json\/wp\/v2\/pages\/3","targetHints":{"allow":["GET"]}}],"collection":[{"href":"https:\/\/abdelanik.com\/index.php\/wp-json\/wp\/v2\/pages"}],"about":[{"href":"https:\/\/abdelanik.com\/index.php\/wp-json\/wp\/v2\/types\/page"}],"author":[{"embeddable":true,"href":"https:\/\/abdelanik.com\/index.php\/wp-json\/wp\/v2\/users\/1"}],"replies":[{"embeddable":true,"href":"https:\/\/abdelanik.com\/index.php\/wp-json\/wp\/v2\/comments?post=3"}],"version-history":[{"count":7,"href":"https:\/\/abdelanik.com\/index.php\/wp-json\/wp\/v2\/pages\/3\/revisions"}],"predecessor-version":[{"id":226,"href":"https:\/\/abdelanik.com\/index.php\/wp-json\/wp\/v2\/pages\/3\/revisions\/226"}],"wp:attachment":[{"href":"https:\/\/abdelanik.com\/index.php\/wp-json\/wp\/v2\/media?parent=3"}],"curies":[{"name":"wp","href":"https:\/\/api.w.org\/{rel}","templated":true}]}}